{"id":23844,"date":"2015-04-14T10:13:09","date_gmt":"2015-04-14T10:13:09","guid":{"rendered":"http:\/\/xml-io.proteusthemes.com\/cargopress\/?page_id=6"},"modified":"2022-10-11T15:32:02","modified_gmt":"2022-10-11T18:32:02","slug":"inicio","status":"publish","type":"page","link":"https:\/\/cordisburgo.mg.gov.br\/licitacao\/","title":{"rendered":"In\u00edcio"},"content":{"rendered":"<div id=\"pl-23844\"  class=\"panel-layout\" ><div id=\"pg-23844-0\"  class=\"panel-grid panel-no-style\" ><div id=\"pgc-23844-0-0\"  class=\"panel-grid-cell\" ><div id=\"panel-23844-0-0-0\" class=\"so-panel widget widget_text panel-first-child\" data-index=\"0\" >\t\t\t<div class=\"textwidget\"><\/div>\n\t\t<\/div><div id=\"panel-23844-0-0-1\" class=\"so-panel widget widget_black-studio-tinymce widget_black_studio_tinymce panel-last-child\" data-index=\"1\" ><div class=\"widget-title--big panel-widget-style panel-widget-style-for-23844-0-0-1\" ><h3 class=\"widget-title\"><span class=\"widget-title__inline\">LICITA\u00c7\u00d5ES<\/span><\/h3><div class=\"textwidget\"><\/div><\/div><\/div><\/div><\/div><div id=\"pg-23844-1\"  class=\"panel-grid panel-no-style\" ><div id=\"pgc-23844-1-0\"  class=\"panel-grid-cell\" ><div id=\"panel-23844-1-0-0\" class=\"so-panel widget widget_pw_icon_box widget-icon-box panel-first-child\" data-index=\"2\" >\n\n\t\t<a class=\"icon-box\" href=\"https:\/\/cordisburgo.mg.gov.br\/licitacao\/pregao-presencial\/\" target=\"_self\">\n\n\t\t<i class=\"fa  fa-check-circle-o\"><\/i>\n\t\t<h4 class=\"icon-box__title\">PREG\u00c3O PRESENCIAL<\/h4>\n\t\t<span class=\"icon-box__subtitle\"><\/span>\n\n\t\t<\/a>\n\n<\/div><div id=\"panel-23844-1-0-1\" class=\"so-panel widget widget_pw_icon_box widget-icon-box\" data-index=\"3\" >\n\n\t\t<a class=\"icon-box\" href=\"https:\/\/cordisburgo.mg.gov.br\/licitacao\/convite\/\" target=\"_self\">\n\n\t\t<i class=\"fa  fa-check-circle-o\"><\/i>\n\t\t<h4 class=\"icon-box__title\">CONVITE<\/h4>\n\t\t<span class=\"icon-box__subtitle\"><\/span>\n\n\t\t<\/a>\n\n<\/div><div id=\"panel-23844-1-0-2\" class=\"so-panel widget widget_pw_icon_box widget-icon-box panel-last-child\" data-index=\"4\" >\n\n\t\t<a class=\"icon-box\" href=\"https:\/\/cordisburgo.mg.gov.br\/licitacao\/credenciamento\/\" target=\"_self\">\n\n\t\t<i class=\"fa  fa-check-circle-o\"><\/i>\n\t\t<h4 class=\"icon-box__title\">CREDENCIAMENTO<\/h4>\n\t\t<span class=\"icon-box__subtitle\"><\/span>\n\n\t\t<\/a>\n\n<\/div><\/div><div id=\"pgc-23844-1-1\"  class=\"panel-grid-cell\" ><div id=\"panel-23844-1-1-0\" class=\"so-panel widget widget_pw_icon_box widget-icon-box panel-first-child\" data-index=\"5\" >\n\n\t\t<a class=\"icon-box\" href=\"https:\/\/cordisburgo.mg.gov.br\/licitacao\/pregao-eletronico\/\" target=\"_self\">\n\n\t\t<i class=\"fa  fa-check-circle-o\"><\/i>\n\t\t<h4 class=\"icon-box__title\">PREG\u00c3O ELETR\u00d4NICO<\/h4>\n\t\t<span class=\"icon-box__subtitle\"><\/span>\n\n\t\t<\/a>\n\n<\/div><div id=\"panel-23844-1-1-1\" class=\"so-panel widget widget_pw_icon_box widget-icon-box\" data-index=\"6\" >\n\n\t\t<a class=\"icon-box\" href=\"https:\/\/cordisburgo.mg.gov.br\/licitacao\/adesao-a-arp\/\" target=\"_self\">\n\n\t\t<i class=\"fa  fa-check-circle-o\"><\/i>\n\t\t<h4 class=\"icon-box__title\">ADES\u00c3O A ATA DE REGISTRO DE PRE\u00c7OS<\/h4>\n\t\t<span class=\"icon-box__subtitle\"><\/span>\n\n\t\t<\/a>\n\n<\/div><div id=\"panel-23844-1-1-2\" class=\"so-panel widget widget_pw_icon_box widget-icon-box panel-last-child\" data-index=\"7\" >\n\n\t\t<a class=\"icon-box\" href=\"https:\/\/cordisburgo.mg.gov.br\/licitacao\/inexigibilidade\/\" target=\"_self\">\n\n\t\t<i class=\"fa  fa-check-circle-o\"><\/i>\n\t\t<h4 class=\"icon-box__title\">INEXIGIBILIDADE<\/h4>\n\t\t<span class=\"icon-box__subtitle\"><\/span>\n\n\t\t<\/a>\n\n<\/div><\/div><div id=\"pgc-23844-1-2\"  class=\"panel-grid-cell\" ><div id=\"panel-23844-1-2-0\" class=\"so-panel widget widget_pw_icon_box widget-icon-box panel-first-child\" data-index=\"8\" >\n\n\t\t<a class=\"icon-box\" href=\"https:\/\/cordisburgo.mg.gov.br\/licitacao\/dispensa\/\" target=\"_self\">\n\n\t\t<i class=\"fa  fa-check-circle-o\"><\/i>\n\t\t<h4 class=\"icon-box__title\">DISPENSA<\/h4>\n\t\t<span class=\"icon-box__subtitle\"><\/span>\n\n\t\t<\/a>\n\n<\/div><div id=\"panel-23844-1-2-1\" class=\"so-panel widget widget_pw_icon_box widget-icon-box\" data-index=\"9\" >\n\n\t\t<a class=\"icon-box\" href=\"https:\/\/cordisburgo.mg.gov.br\/licitacao\/tomada-de-precos\/\" target=\"_self\">\n\n\t\t<i class=\"fa  fa-check-circle-o\"><\/i>\n\t\t<h4 class=\"icon-box__title\">TOMADA DE PRE\u00c7OS<\/h4>\n\t\t<span class=\"icon-box__subtitle\"><\/span>\n\n\t\t<\/a>\n\n<\/div><div id=\"panel-23844-1-2-2\" class=\"so-panel widget widget_pw_icon_box widget-icon-box panel-last-child\" data-index=\"10\" >\n\n\t\t<a class=\"icon-box\" href=\"https:\/\/cordisburgo.mg.gov.br\/licitacao\/publicacoes\/\" target=\"_self\">\n\n\t\t<i class=\"fa  fa-folder-open-o\"><\/i>\n\t\t<h4 class=\"icon-box__title\">TODAS AS LICITA\u00c7\u00d5ES<\/h4>\n\t\t<span class=\"icon-box__subtitle\"><\/span>\n\n\t\t<\/a>\n\n<\/div><\/div><\/div><div id=\"pg-23844-2\"  class=\"panel-grid panel-no-style\" ><div id=\"pgc-23844-2-0\"  class=\"panel-grid-cell\" ><div id=\"panel-23844-2-0-0\" class=\"so-panel widget widget_pw_icon_box widget-icon-box panel-first-child panel-last-child\" data-index=\"11\" >\n\n\t\t<a class=\"icon-box\" href=\"https:\/\/cordisburgo.mg.gov.br\/licitacao\/covid-19\/\" target=\"_self\">\n\n\t\t<i class=\"fa  fa-chevron-circle-right\"><\/i>\n\t\t<h4 class=\"icon-box__title\">COVID-19<\/h4>\n\t\t<span class=\"icon-box__subtitle\">PROCESSOS E COMPRAS DIRECIONADOS AO COMBATE DA COVID-19<\/span>\n\n\t\t<\/a>\n\n<\/div><\/div><\/div><div id=\"pg-23844-3\"  class=\"panel-grid panel-no-style\" ><div id=\"pgc-23844-3-0\"  class=\"panel-grid-cell panel-grid-cell-empty\" ><\/div><\/div><\/div>","protected":false},"excerpt":{"rendered":"<p>LICITA\u00c7\u00d5ES PREG\u00c3O PRESENCIAL CONVITE CREDENCIAMENTO PREG\u00c3O ELETR\u00d4NICO ADES\u00c3O A ATA DE REGISTRO DE PRE\u00c7OS INEXIGIBILIDADE DISPENSA TOMADA DE PRE\u00c7OS TODAS AS LICITA\u00c7\u00d5ES COVID-19 PROCESSOS E COMPRAS DIRECIONADOS AO COMBATE DA COVID-19<\/p>\n","protected":false},"author":1,"featured_media":0,"parent":0,"menu_order":0,"comment_status":"closed","ping_status":"open","template":"template-front-page-slider.php","meta":{"_acf_changed":false,"footnotes":""},"class_list":["post-23844","page","type-page","status-publish","hentry"],"acf":[],"yoast_head":"<!-- This site is optimized with the Yoast SEO plugin v27.1.1 - https:\/\/yoast.com\/product\/yoast-seo-wordpress\/ -->\n<title>Licita\u00e7\u00f5es - Prefeitura Municipal de Cordisburgo<\/title>\n<meta name=\"description\" content=\"Publica\u00e7\u00e3o de processos licitat\u00f3rios municipais: Preg\u00f5es Presenciais, Dispensas, Inexigibilidades, Convites, Concorr\u00eancias, entre outros.\" \/>\n<meta name=\"robots\" content=\"index, follow, max-snippet:-1, max-image-preview:large, max-video-preview:-1\" \/>\n<link rel=\"canonical\" href=\"https:\/\/cordisburgo.mg.gov.br\/licitacao\/\" \/>\n<meta property=\"og:locale\" content=\"pt_BR\" \/>\n<meta property=\"og:type\" content=\"article\" \/>\n<meta property=\"og:title\" content=\"Licita\u00e7\u00f5es - Prefeitura Municipal de Cordisburgo\" \/>\n<meta property=\"og:description\" content=\"Publica\u00e7\u00e3o de processos licitat\u00f3rios municipais: Preg\u00f5es Presenciais, Dispensas, Inexigibilidades, Convites, Concorr\u00eancias, entre outros.\" \/>\n<meta property=\"og:url\" content=\"https:\/\/cordisburgo.mg.gov.br\/licitacao\/\" \/>\n<meta property=\"og:site_name\" content=\"Licita\u00e7\u00f5es - Prefeitura Municipal de Cordisburgo\" \/>\n<meta property=\"article:publisher\" content=\"https:\/\/www.facebook.com\/cordisburgo\/\" \/>\n<meta property=\"article:modified_time\" content=\"2022-10-11T18:32:02+00:00\" \/>\n<meta name=\"twitter:card\" content=\"summary_large_image\" \/>\n<meta name=\"twitter:label1\" content=\"Est. tempo de leitura\" \/>\n\t<meta name=\"twitter:data1\" content=\"1 minuto\" \/>\n<script type=\"application\/ld+json\" class=\"yoast-schema-graph\">{\"@context\":\"https:\/\/schema.org\",\"@graph\":[{\"@type\":\"WebPage\",\"@id\":\"https:\/\/cordisburgo.mg.gov.br\/licitacao\/\",\"url\":\"https:\/\/cordisburgo.mg.gov.br\/licitacao\/\",\"name\":\"Licita\u00e7\u00f5es - Prefeitura Municipal de Cordisburgo\",\"isPartOf\":{\"@id\":\"https:\/\/cordisburgo.mg.gov.br\/licitacao\/#website\"},\"datePublished\":\"2015-04-14T10:13:09+00:00\",\"dateModified\":\"2022-10-11T18:32:02+00:00\",\"description\":\"Publica\u00e7\u00e3o de processos licitat\u00f3rios municipais: Preg\u00f5es Presenciais, Dispensas, Inexigibilidades, Convites, Concorr\u00eancias, entre outros.\",\"breadcrumb\":{\"@id\":\"https:\/\/cordisburgo.mg.gov.br\/licitacao\/#breadcrumb\"},\"inLanguage\":\"pt-BR\",\"potentialAction\":[{\"@type\":\"ReadAction\",\"target\":[\"https:\/\/cordisburgo.mg.gov.br\/licitacao\/\"]}]},{\"@type\":\"BreadcrumbList\",\"@id\":\"https:\/\/cordisburgo.mg.gov.br\/licitacao\/#breadcrumb\",\"itemListElement\":[{\"@type\":\"ListItem\",\"position\":1,\"name\":\"In\u00edcio\",\"item\":\"https:\/\/cordisburgo.mg.gov.br\/licitacao\/\"},{\"@type\":\"ListItem\",\"position\":2,\"name\":\"In\u00edcio\"}]},{\"@type\":\"WebSite\",\"@id\":\"https:\/\/cordisburgo.mg.gov.br\/licitacao\/#website\",\"url\":\"https:\/\/cordisburgo.mg.gov.br\/licitacao\/\",\"name\":\"Licita\u00e7\u00f5es - Prefeitura Municipal de Cordisburgo\",\"description\":\"Portal Institucional da Prefeitura Municipal de Cordisburgo\",\"publisher\":{\"@id\":\"https:\/\/cordisburgo.mg.gov.br\/licitacao\/#organization\"},\"potentialAction\":[{\"@type\":\"SearchAction\",\"target\":{\"@type\":\"EntryPoint\",\"urlTemplate\":\"https:\/\/cordisburgo.mg.gov.br\/licitacao\/?s={search_term_string}\"},\"query-input\":{\"@type\":\"PropertyValueSpecification\",\"valueRequired\":true,\"valueName\":\"search_term_string\"}}],\"inLanguage\":\"pt-BR\"},{\"@type\":\"Organization\",\"@id\":\"https:\/\/cordisburgo.mg.gov.br\/licitacao\/#organization\",\"name\":\"Prefeitura Municipal de Cordisburgo\",\"url\":\"https:\/\/cordisburgo.mg.gov.br\/licitacao\/\",\"logo\":{\"@type\":\"ImageObject\",\"inLanguage\":\"pt-BR\",\"@id\":\"https:\/\/cordisburgo.mg.gov.br\/licitacao\/#\/schema\/logo\/image\/\",\"url\":\"\",\"contentUrl\":\"\",\"caption\":\"Prefeitura Municipal de Cordisburgo\"},\"image\":{\"@id\":\"https:\/\/cordisburgo.mg.gov.br\/licitacao\/#\/schema\/logo\/image\/\"},\"sameAs\":[\"https:\/\/www.facebook.com\/cordisburgo\/\"]}]}<\/script>\n<!-- \/ Yoast SEO plugin. -->","yoast_head_json":{"title":"Licita\u00e7\u00f5es - Prefeitura Municipal de Cordisburgo","description":"Publica\u00e7\u00e3o de processos licitat\u00f3rios municipais: Preg\u00f5es Presenciais, Dispensas, Inexigibilidades, Convites, Concorr\u00eancias, entre outros.","robots":{"index":"index","follow":"follow","max-snippet":"max-snippet:-1","max-image-preview":"max-image-preview:large","max-video-preview":"max-video-preview:-1"},"canonical":"https:\/\/cordisburgo.mg.gov.br\/licitacao\/","og_locale":"pt_BR","og_type":"article","og_title":"Licita\u00e7\u00f5es - Prefeitura Municipal de Cordisburgo","og_description":"Publica\u00e7\u00e3o de processos licitat\u00f3rios municipais: Preg\u00f5es Presenciais, Dispensas, Inexigibilidades, Convites, Concorr\u00eancias, entre outros.","og_url":"https:\/\/cordisburgo.mg.gov.br\/licitacao\/","og_site_name":"Licita\u00e7\u00f5es - Prefeitura Municipal de Cordisburgo","article_publisher":"https:\/\/www.facebook.com\/cordisburgo\/","article_modified_time":"2022-10-11T18:32:02+00:00","twitter_card":"summary_large_image","twitter_misc":{"Est. tempo de leitura":"1 minuto"},"schema":{"@context":"https:\/\/schema.org","@graph":[{"@type":"WebPage","@id":"https:\/\/cordisburgo.mg.gov.br\/licitacao\/","url":"https:\/\/cordisburgo.mg.gov.br\/licitacao\/","name":"Licita\u00e7\u00f5es - Prefeitura Municipal de Cordisburgo","isPartOf":{"@id":"https:\/\/cordisburgo.mg.gov.br\/licitacao\/#website"},"datePublished":"2015-04-14T10:13:09+00:00","dateModified":"2022-10-11T18:32:02+00:00","description":"Publica\u00e7\u00e3o de processos licitat\u00f3rios municipais: Preg\u00f5es Presenciais, Dispensas, Inexigibilidades, Convites, Concorr\u00eancias, entre outros.","breadcrumb":{"@id":"https:\/\/cordisburgo.mg.gov.br\/licitacao\/#breadcrumb"},"inLanguage":"pt-BR","potentialAction":[{"@type":"ReadAction","target":["https:\/\/cordisburgo.mg.gov.br\/licitacao\/"]}]},{"@type":"BreadcrumbList","@id":"https:\/\/cordisburgo.mg.gov.br\/licitacao\/#breadcrumb","itemListElement":[{"@type":"ListItem","position":1,"name":"In\u00edcio","item":"https:\/\/cordisburgo.mg.gov.br\/licitacao\/"},{"@type":"ListItem","position":2,"name":"In\u00edcio"}]},{"@type":"WebSite","@id":"https:\/\/cordisburgo.mg.gov.br\/licitacao\/#website","url":"https:\/\/cordisburgo.mg.gov.br\/licitacao\/","name":"Licita\u00e7\u00f5es - Prefeitura Municipal de Cordisburgo","description":"Portal Institucional da Prefeitura Municipal de Cordisburgo","publisher":{"@id":"https:\/\/cordisburgo.mg.gov.br\/licitacao\/#organization"},"potentialAction":[{"@type":"SearchAction","target":{"@type":"EntryPoint","urlTemplate":"https:\/\/cordisburgo.mg.gov.br\/licitacao\/?s={search_term_string}"},"query-input":{"@type":"PropertyValueSpecification","valueRequired":true,"valueName":"search_term_string"}}],"inLanguage":"pt-BR"},{"@type":"Organization","@id":"https:\/\/cordisburgo.mg.gov.br\/licitacao\/#organization","name":"Prefeitura Municipal de Cordisburgo","url":"https:\/\/cordisburgo.mg.gov.br\/licitacao\/","logo":{"@type":"ImageObject","inLanguage":"pt-BR","@id":"https:\/\/cordisburgo.mg.gov.br\/licitacao\/#\/schema\/logo\/image\/","url":"","contentUrl":"","caption":"Prefeitura Municipal de Cordisburgo"},"image":{"@id":"https:\/\/cordisburgo.mg.gov.br\/licitacao\/#\/schema\/logo\/image\/"},"sameAs":["https:\/\/www.facebook.com\/cordisburgo\/"]}]}},"_links":{"self":[{"href":"https:\/\/cordisburgo.mg.gov.br\/licitacao\/wp-json\/wp\/v2\/pages\/23844","targetHints":{"allow":["GET"]}}],"collection":[{"href":"https:\/\/cordisburgo.mg.gov.br\/licitacao\/wp-json\/wp\/v2\/pages"}],"about":[{"href":"https:\/\/cordisburgo.mg.gov.br\/licitacao\/wp-json\/wp\/v2\/types\/page"}],"author":[{"embeddable":true,"href":"https:\/\/cordisburgo.mg.gov.br\/licitacao\/wp-json\/wp\/v2\/users\/1"}],"replies":[{"embeddable":true,"href":"https:\/\/cordisburgo.mg.gov.br\/licitacao\/wp-json\/wp\/v2\/comments?post=23844"}],"version-history":[{"count":147,"href":"https:\/\/cordisburgo.mg.gov.br\/licitacao\/wp-json\/wp\/v2\/pages\/23844\/revisions"}],"predecessor-version":[{"id":25883,"href":"https:\/\/cordisburgo.mg.gov.br\/licitacao\/wp-json\/wp\/v2\/pages\/23844\/revisions\/25883"}],"wp:attachment":[{"href":"https:\/\/cordisburgo.mg.gov.br\/licitacao\/wp-json\/wp\/v2\/media?parent=23844"}],"curies":[{"name":"wp","href":"https:\/\/api.w.org\/{rel}","templated":true}]}}