{"id":25163,"date":"2021-06-29T19:02:05","date_gmt":"2021-06-29T22:02:05","guid":{"rendered":"https:\/\/cordisburgo.mg.gov.br\/esporte\/?page_id=25163"},"modified":"2021-06-29T19:16:56","modified_gmt":"2021-06-29T22:16:56","slug":"embaixadinhas","status":"publish","type":"page","link":"https:\/\/cordisburgo.mg.gov.br\/esporte\/embaixadinhas\/","title":{"rendered":"Inscri\u00e7\u00f5es Concurso de Embaixadinhas"},"content":{"rendered":"<p><span style=\"color: #333333;\">\n<div class=\"wpcf7 no-js\" id=\"wpcf7-f25162-o1\" lang=\"pt-BR\" dir=\"ltr\" data-wpcf7-id=\"25162\">\n<div class=\"screen-reader-response\"><p role=\"status\" aria-live=\"polite\" aria-atomic=\"true\"><\/p> <ul><\/ul><\/div>\n<form action=\"\/esporte\/wp-json\/wp\/v2\/pages\/25163#wpcf7-f25162-o1\" method=\"post\" class=\"wpcf7-form init\" aria-label=\"Formul\u00e1rios de contato\" enctype=\"multipart\/form-data\" novalidate=\"novalidate\" data-status=\"init\">\n<fieldset class=\"hidden-fields-container\"><input type=\"hidden\" name=\"_wpcf7\" value=\"25162\" \/><input type=\"hidden\" name=\"_wpcf7_version\" value=\"6.1.5\" \/><input type=\"hidden\" name=\"_wpcf7_locale\" value=\"pt_BR\" \/><input type=\"hidden\" name=\"_wpcf7_unit_tag\" value=\"wpcf7-f25162-o1\" \/><input type=\"hidden\" name=\"_wpcf7_container_post\" value=\"0\" \/><input type=\"hidden\" name=\"_wpcf7_posted_data_hash\" value=\"\" \/>\n<\/fieldset>\n<p><label> Nome completo:<br \/>\n<span class=\"wpcf7-form-control-wrap\" data-name=\"your-name\"><input size=\"40\" maxlength=\"400\" class=\"wpcf7-form-control wpcf7-text wpcf7-validates-as-required\" aria-required=\"true\" aria-invalid=\"false\" value=\"\" type=\"text\" name=\"your-name\" \/><\/span> <\/label>\n<\/p>\n<p><label> Escola:<br \/>\n<span class=\"wpcf7-form-control-wrap\" data-name=\"menu-437\"><select class=\"wpcf7-form-control wpcf7-select wpcf7-validates-as-required\" aria-required=\"true\" aria-invalid=\"false\" name=\"menu-437\"><option value=\"Escola An\u00edsio Teixeira\">Escola An\u00edsio Teixeira<\/option><option value=\"Escola Cl\u00e1udio Pinheiro de Lima\">Escola Cl\u00e1udio Pinheiro de Lima<\/option><option value=\"Escola Mestre Candinho\">Escola Mestre Candinho<\/option><option value=\"Escola Octac\u00edlio Negr\u00e3o de Lima\">Escola Octac\u00edlio Negr\u00e3o de Lima<\/option><option value=\"Escola Antonio Afonso Lima (Barra do Luiz Pereira)\">Escola Antonio Afonso Lima (Barra do Luiz Pereira)<\/option><option value=\"Escola Anastacio Correia da Silva (Palmito)\">Escola Anastacio Correia da Silva (Palmito)<\/option><option value=\"Escola Getulio Vargas (Periquito)\">Escola Getulio Vargas (Periquito)<\/option><\/select><\/span><\/label>\n<\/p>\n<p><label> Data de nascimento:<br \/>\n<span class=\"wpcf7-form-control-wrap\" data-name=\"date-nasc\"><input class=\"wpcf7-form-control wpcf7-date wpcf7-validates-as-required wpcf7-validates-as-date\" aria-required=\"true\" aria-invalid=\"false\" value=\"\" type=\"date\" name=\"date-nasc\" \/><\/span> <\/label>\n<\/p>\n<p><label> Categoria:<br \/>\n<span class=\"wpcf7-form-control-wrap\" data-name=\"menu-436\"><select class=\"wpcf7-form-control wpcf7-select wpcf7-validates-as-required\" aria-required=\"true\" aria-invalid=\"false\" name=\"menu-436\"><option value=\"Sub-6\/7 Masculino\">Sub-6\/7 Masculino<\/option><option value=\"Sub-6\/7 Feminino\">Sub-6\/7 Feminino<\/option><option value=\"Sub-8\/9 Masculino\">Sub-8\/9 Masculino<\/option><option value=\"Sub-8\/9 Feminino\">Sub-8\/9 Feminino<\/option><option value=\"Sub\u201310\/11 Masculino\">Sub\u201310\/11 Masculino<\/option><option value=\"Sub\u201310\/11 Feminino\">Sub\u201310\/11 Feminino<\/option><option value=\"Sub-14 Masculino\">Sub-14 Masculino<\/option><option value=\"Sub-14 Feminino\">Sub-14 Feminino<\/option><option value=\"Sub-17 Masculino\">Sub-17 Masculino<\/option><option value=\"Sub-17 Feminino\">Sub-17 Feminino<\/option><\/select><\/span> <\/label>\n<\/p>\n<p><label> Contato:<br \/>\n<span class=\"wpcf7-form-control-wrap\" data-name=\"tel-664\"><input size=\"40\" maxlength=\"400\" class=\"wpcf7-form-control wpcf7-tel wpcf7-validates-as-required wpcf7-text wpcf7-validates-as-tel\" aria-required=\"true\" aria-invalid=\"false\" value=\"\" type=\"tel\" name=\"tel-664\" \/><\/span> <\/label>\n<\/p>\n<p><label> N\u00famero de Embaixadinhas feitas:<br \/>\n<span class=\"wpcf7-form-control-wrap\" data-name=\"text-8888\"><input size=\"40\" maxlength=\"400\" class=\"wpcf7-form-control wpcf7-text wpcf7-validates-as-required\" aria-required=\"true\" aria-invalid=\"false\" value=\"\" type=\"text\" name=\"text-8888\" \/><\/span> <\/label>\n<\/p>\n<p><label> V\u00eddeo da Participa\u00e7\u00e3o:<br \/>\n<span class=\"wpcf7-form-control-wrap\" data-name=\"file-952\"><input size=\"40\" class=\"wpcf7-form-control wpcf7-file wpcf7-validates-as-required\" accept=\"audio\/*,video\/*,image\/*\" aria-required=\"true\" aria-invalid=\"false\" type=\"file\" name=\"file-952\" \/><\/span> <\/label><br \/>\n* arquivos com mais de 25MB devem ser enviados por e-mail, assim como descrito no regulamento.\n<\/p>\n<p><span class=\"wpcf7-form-control-wrap\" data-name=\"acceptance-971\"><span class=\"wpcf7-form-control wpcf7-acceptance\"><span class=\"wpcf7-list-item\"><label><input type=\"checkbox\" name=\"acceptance-971\" value=\"1\" aria-invalid=\"false\" \/><span class=\"wpcf7-list-item-label\">Declaro que li e estou ciente do regulamento<\/span><\/label><\/span><\/span><\/span>\n<\/p>\n<p><span class=\"wpcf7-form-control-wrap\" data-name=\"acceptance-972\"><span class=\"wpcf7-form-control wpcf7-acceptance\"><span class=\"wpcf7-list-item\"><label><input type=\"checkbox\" name=\"acceptance-972\" value=\"1\" aria-invalid=\"false\" \/><span class=\"wpcf7-list-item-label\">Declaro que tenho permiss\u00e3o de meus pais para a participa\u00e7\u00e3o<\/span><\/label><\/span><\/span><\/span>\n<\/p>\n<p><input class=\"wpcf7-form-control wpcf7-submit has-spinner\" type=\"submit\" value=\"Enviar\" \/>\n<\/p><p style=\"display: none !important;\" class=\"akismet-fields-container\" data-prefix=\"_wpcf7_ak_\"><label>&#916;<textarea name=\"_wpcf7_ak_hp_textarea\" cols=\"45\" rows=\"8\" maxlength=\"100\"><\/textarea><\/label><input type=\"hidden\" id=\"ak_js_1\" name=\"_wpcf7_ak_js\" value=\"30\"\/><script>document.getElementById( \"ak_js_1\" ).setAttribute( \"value\", ( new Date() ).getTime() );<\/script><\/p><div class=\"wpcf7-response-output\" aria-hidden=\"true\"><\/div>\n<\/form>\n<\/div>\n<\/span><\/p>\n","protected":false},"excerpt":{"rendered":"","protected":false},"author":1,"featured_media":0,"parent":0,"menu_order":0,"comment_status":"closed","ping_status":"closed","template":"","meta":{"_acf_changed":false,"footnotes":""},"class_list":["post-25163","page","type-page","status-publish","hentry"],"acf":[],"yoast_head":"<!-- This site is optimized with the Yoast SEO plugin v27.1.1 - https:\/\/yoast.com\/product\/yoast-seo-wordpress\/ -->\n<title>Inscri\u00e7\u00f5es Concurso de Embaixadinhas - Departamento de Esporte e Lazer<\/title>\n<meta name=\"robots\" content=\"index, follow, max-snippet:-1, max-image-preview:large, max-video-preview:-1\" \/>\n<link rel=\"canonical\" href=\"https:\/\/cordisburgo.mg.gov.br\/esporte\/embaixadinhas\/\" \/>\n<meta property=\"og:locale\" content=\"pt_BR\" \/>\n<meta property=\"og:type\" content=\"article\" \/>\n<meta property=\"og:title\" content=\"Inscri\u00e7\u00f5es Concurso de Embaixadinhas - Departamento de Esporte e Lazer\" \/>\n<meta property=\"og:url\" content=\"https:\/\/cordisburgo.mg.gov.br\/esporte\/embaixadinhas\/\" \/>\n<meta property=\"og:site_name\" content=\"Departamento de Esporte e Lazer\" \/>\n<meta property=\"article:modified_time\" content=\"2021-06-29T22:16:56+00:00\" \/>\n<meta name=\"twitter:card\" content=\"summary_large_image\" \/>\n<meta name=\"twitter:label1\" content=\"Est. tempo de leitura\" \/>\n\t<meta name=\"twitter:data1\" content=\"1 minuto\" \/>\n<script type=\"application\/ld+json\" class=\"yoast-schema-graph\">{\"@context\":\"https:\/\/schema.org\",\"@graph\":[{\"@type\":\"WebPage\",\"@id\":\"https:\/\/cordisburgo.mg.gov.br\/esporte\/embaixadinhas\/\",\"url\":\"https:\/\/cordisburgo.mg.gov.br\/esporte\/embaixadinhas\/\",\"name\":\"Inscri\u00e7\u00f5es Concurso de Embaixadinhas - Departamento de Esporte e Lazer\",\"isPartOf\":{\"@id\":\"https:\/\/cordisburgo.mg.gov.br\/esporte\/#website\"},\"datePublished\":\"2021-06-29T22:02:05+00:00\",\"dateModified\":\"2021-06-29T22:16:56+00:00\",\"breadcrumb\":{\"@id\":\"https:\/\/cordisburgo.mg.gov.br\/esporte\/embaixadinhas\/#breadcrumb\"},\"inLanguage\":\"pt-BR\",\"potentialAction\":[{\"@type\":\"ReadAction\",\"target\":[\"https:\/\/cordisburgo.mg.gov.br\/esporte\/embaixadinhas\/\"]}]},{\"@type\":\"BreadcrumbList\",\"@id\":\"https:\/\/cordisburgo.mg.gov.br\/esporte\/embaixadinhas\/#breadcrumb\",\"itemListElement\":[{\"@type\":\"ListItem\",\"position\":1,\"name\":\"In\u00edcio\",\"item\":\"https:\/\/cordisburgo.mg.gov.br\/esporte\/\"},{\"@type\":\"ListItem\",\"position\":2,\"name\":\"Inscri\u00e7\u00f5es Concurso de Embaixadinhas\"}]},{\"@type\":\"WebSite\",\"@id\":\"https:\/\/cordisburgo.mg.gov.br\/esporte\/#website\",\"url\":\"https:\/\/cordisburgo.mg.gov.br\/esporte\/\",\"name\":\"Departamento de Esporte e Lazer\",\"description\":\"Portal Institucional da Prefeitura Municipal de Cordisburgo\",\"potentialAction\":[{\"@type\":\"SearchAction\",\"target\":{\"@type\":\"EntryPoint\",\"urlTemplate\":\"https:\/\/cordisburgo.mg.gov.br\/esporte\/?s={search_term_string}\"},\"query-input\":{\"@type\":\"PropertyValueSpecification\",\"valueRequired\":true,\"valueName\":\"search_term_string\"}}],\"inLanguage\":\"pt-BR\"}]}<\/script>\n<!-- \/ Yoast SEO plugin. -->","yoast_head_json":{"title":"Inscri\u00e7\u00f5es Concurso de Embaixadinhas - Departamento de Esporte e Lazer","robots":{"index":"index","follow":"follow","max-snippet":"max-snippet:-1","max-image-preview":"max-image-preview:large","max-video-preview":"max-video-preview:-1"},"canonical":"https:\/\/cordisburgo.mg.gov.br\/esporte\/embaixadinhas\/","og_locale":"pt_BR","og_type":"article","og_title":"Inscri\u00e7\u00f5es Concurso de Embaixadinhas - Departamento de Esporte e Lazer","og_url":"https:\/\/cordisburgo.mg.gov.br\/esporte\/embaixadinhas\/","og_site_name":"Departamento de Esporte e Lazer","article_modified_time":"2021-06-29T22:16:56+00:00","twitter_card":"summary_large_image","twitter_misc":{"Est. tempo de leitura":"1 minuto"},"schema":{"@context":"https:\/\/schema.org","@graph":[{"@type":"WebPage","@id":"https:\/\/cordisburgo.mg.gov.br\/esporte\/embaixadinhas\/","url":"https:\/\/cordisburgo.mg.gov.br\/esporte\/embaixadinhas\/","name":"Inscri\u00e7\u00f5es Concurso de Embaixadinhas - Departamento de Esporte e Lazer","isPartOf":{"@id":"https:\/\/cordisburgo.mg.gov.br\/esporte\/#website"},"datePublished":"2021-06-29T22:02:05+00:00","dateModified":"2021-06-29T22:16:56+00:00","breadcrumb":{"@id":"https:\/\/cordisburgo.mg.gov.br\/esporte\/embaixadinhas\/#breadcrumb"},"inLanguage":"pt-BR","potentialAction":[{"@type":"ReadAction","target":["https:\/\/cordisburgo.mg.gov.br\/esporte\/embaixadinhas\/"]}]},{"@type":"BreadcrumbList","@id":"https:\/\/cordisburgo.mg.gov.br\/esporte\/embaixadinhas\/#breadcrumb","itemListElement":[{"@type":"ListItem","position":1,"name":"In\u00edcio","item":"https:\/\/cordisburgo.mg.gov.br\/esporte\/"},{"@type":"ListItem","position":2,"name":"Inscri\u00e7\u00f5es Concurso de Embaixadinhas"}]},{"@type":"WebSite","@id":"https:\/\/cordisburgo.mg.gov.br\/esporte\/#website","url":"https:\/\/cordisburgo.mg.gov.br\/esporte\/","name":"Departamento de Esporte e Lazer","description":"Portal Institucional da Prefeitura Municipal de Cordisburgo","potentialAction":[{"@type":"SearchAction","target":{"@type":"EntryPoint","urlTemplate":"https:\/\/cordisburgo.mg.gov.br\/esporte\/?s={search_term_string}"},"query-input":{"@type":"PropertyValueSpecification","valueRequired":true,"valueName":"search_term_string"}}],"inLanguage":"pt-BR"}]}},"_links":{"self":[{"href":"https:\/\/cordisburgo.mg.gov.br\/esporte\/wp-json\/wp\/v2\/pages\/25163","targetHints":{"allow":["GET"]}}],"collection":[{"href":"https:\/\/cordisburgo.mg.gov.br\/esporte\/wp-json\/wp\/v2\/pages"}],"about":[{"href":"https:\/\/cordisburgo.mg.gov.br\/esporte\/wp-json\/wp\/v2\/types\/page"}],"author":[{"embeddable":true,"href":"https:\/\/cordisburgo.mg.gov.br\/esporte\/wp-json\/wp\/v2\/users\/1"}],"replies":[{"embeddable":true,"href":"https:\/\/cordisburgo.mg.gov.br\/esporte\/wp-json\/wp\/v2\/comments?post=25163"}],"version-history":[{"count":2,"href":"https:\/\/cordisburgo.mg.gov.br\/esporte\/wp-json\/wp\/v2\/pages\/25163\/revisions"}],"predecessor-version":[{"id":25165,"href":"https:\/\/cordisburgo.mg.gov.br\/esporte\/wp-json\/wp\/v2\/pages\/25163\/revisions\/25165"}],"wp:attachment":[{"href":"https:\/\/cordisburgo.mg.gov.br\/esporte\/wp-json\/wp\/v2\/media?parent=25163"}],"curies":[{"name":"wp","href":"https:\/\/api.w.org\/{rel}","templated":true}]}}